{"id":419,"date":"2025-02-06T16:50:46","date_gmt":"2025-02-06T16:50:46","guid":{"rendered":"https:\/\/rot.house\/shop\/the-after-sex-pull-rot-red\/"},"modified":"2026-03-09T17:32:14","modified_gmt":"2026-03-09T17:32:14","slug":"the-after-sex-pull-rot-red","status":"publish","type":"product","link":"https:\/\/rot.house\/it\/shop\/the-after-sex-pull-rot-red\/","title":{"rendered":"The After-Sex Pull ROT Red"},"content":{"rendered":"<p>Girocollo dal volume extra over: il giromanica arriva ai polsi. \u00c8 l&#8217;unica cosa che vorresti indossare al mattino dopo una serata interessante. La macro tasca sul davanti ha dentro una lunga tasca, che \u00e8 perfetta per infilarci il telecomando.<br \/>\nAttenzione. C\u2019\u00e8 una piccola abbottonatura dietro il collo che pu\u00f2 diventare uno scollo se indossi il capo al rovescio: \u00e8 pensata per chi volesse ricominciare subito la serata.<\/p>\n<p>Dettagli:<br \/>\nArt. 125 &#8211; Girocollo in filato di 100% pura lana vergine merino ultrafine irrestringibile a due fili, finezza 14 lavorata su macchina Stoll, gradazione 36. Bottoni lineato 16 ricoperti dello stesso filo del capo.<\/p>\n<p>Filato:<br \/>\nNew Royal &#8211; Tollegno 1900 &#8211; NM 2\/60<\/p>\n<p>Made in Italy:<br \/>\nAnzi, Made in Campagnola (Reggio Emilia) da Effebi Maglierie, grazie a: Mila (campionarista), Patti (preparazione per confezione e finiture), Roberta (confezione), Francesco (programmatore), Benny (stiro), Cri (spedizione).<\/p>\n<p>Indossato da:<br \/>\nVictor, barista al Maj\u00f9 di Reggio Emilia, \u00e8 alto 1,85m e indossa l&#8217;unica taglia che esiste, tanto sta bene a tutti.<\/p>\n<p>Cura del capo:<br \/>\nLavare delicatamente a mano, con acqua a massimo 30 gradi. Asciugare su un piano orizzontale senza torcere.<\/p>\n","protected":false},"excerpt":{"rendered":"<p>Girocollo dal volume extra over: il giromanica arriva ai polsi. \u00c8 l&#8217;unica cosa che vorresti indossare al mattino dopo una serata interessante. La macro tasca sul davanti ha dentro una lunga tasca, che \u00e8 perfetta per infilarci il telecomando. Attenzione. C\u2019\u00e8 una piccola abbottonatura dietro il collo che pu\u00f2 diventare uno scollo se indossi il [&hellip;]<\/p>\n","protected":false},"featured_media":676,"template":"","meta":{"_acf_changed":false},"product_brand":[],"product_cat":[30],"product_tag":[],"class_list":{"0":"post-419","1":"product","2":"type-product","3":"status-publish","4":"has-post-thumbnail","6":"product_cat-prodotto","8":"first","9":"instock","10":"taxable","11":"shipping-taxable","12":"purchasable","13":"product-type-variable","14":"has-default-attributes"},"acf":[],"yoast_head":"<!-- This site is optimized with the Yoast SEO plugin v27.4 - https:\/\/yoast.com\/product\/yoast-seo-wordpress\/ -->\n<title>The After-Sex Pull ROT Red - ROT<\/title>\n<meta name=\"description\" content=\"The After-Sex Pull ROT Red. Girocollo dal volume extra over. \u00c8 l&#039;unica cosa che vorresti indossare al mattino dopo una serata interessante.\" \/>\n<meta name=\"robots\" content=\"index, follow, max-snippet:-1, max-image-preview:large, max-video-preview:-1\" \/>\n<link rel=\"canonical\" href=\"https:\/\/rot.house\/it\/shop\/the-after-sex-pull-rot-red\/\" \/>\n<meta property=\"og:locale\" content=\"it_IT\" \/>\n<meta property=\"og:type\" content=\"article\" \/>\n<meta property=\"og:title\" content=\"The After-Sex Pull ROT Red - ROT\" \/>\n<meta property=\"og:description\" content=\"The After-Sex Pull ROT Red. Girocollo dal volume extra over. \u00c8 l&#039;unica cosa che vorresti indossare al mattino dopo una serata interessante.\" \/>\n<meta property=\"og:url\" content=\"https:\/\/rot.house\/it\/shop\/the-after-sex-pull-rot-red\/\" \/>\n<meta property=\"og:site_name\" content=\"ROT\" \/>\n<meta property=\"article:modified_time\" content=\"2026-03-09T17:32:14+00:00\" \/>\n<meta property=\"og:image\" content=\"https:\/\/rot.house\/wp-content\/uploads\/2025\/02\/Rot0082-scaled.jpg\" \/>\n\t<meta property=\"og:image:width\" content=\"1828\" \/>\n\t<meta property=\"og:image:height\" content=\"2560\" \/>\n\t<meta property=\"og:image:type\" content=\"image\/jpeg\" \/>\n<meta name=\"twitter:card\" content=\"summary_large_image\" \/>\n<meta name=\"twitter:label1\" content=\"Tempo di lettura stimato\" \/>\n\t<meta name=\"twitter:data1\" content=\"1 minuto\" \/>\n<script type=\"application\/ld+json\" class=\"yoast-schema-graph\">{\"@context\":\"https:\\\/\\\/schema.org\",\"@graph\":[{\"@type\":\"WebPage\",\"@id\":\"https:\\\/\\\/rot.house\\\/it\\\/shop\\\/the-after-sex-pull-rot-red\\\/\",\"url\":\"https:\\\/\\\/rot.house\\\/it\\\/shop\\\/the-after-sex-pull-rot-red\\\/\",\"name\":\"The After-Sex Pull ROT Red - ROT\",\"isPartOf\":{\"@id\":\"https:\\\/\\\/rot.house\\\/it\\\/#website\"},\"primaryImageOfPage\":{\"@id\":\"https:\\\/\\\/rot.house\\\/it\\\/shop\\\/the-after-sex-pull-rot-red\\\/#primaryimage\"},\"image\":{\"@id\":\"https:\\\/\\\/rot.house\\\/it\\\/shop\\\/the-after-sex-pull-rot-red\\\/#primaryimage\"},\"thumbnailUrl\":\"https:\\\/\\\/rot.house\\\/wp-content\\\/uploads\\\/2025\\\/02\\\/Rot0082-scaled.jpg\",\"datePublished\":\"2025-02-06T16:50:46+00:00\",\"dateModified\":\"2026-03-09T17:32:14+00:00\",\"description\":\"The After-Sex Pull ROT Red. Girocollo dal volume extra over. \u00c8 l'unica cosa che vorresti indossare al mattino dopo una serata interessante.\",\"breadcrumb\":{\"@id\":\"https:\\\/\\\/rot.house\\\/it\\\/shop\\\/the-after-sex-pull-rot-red\\\/#breadcrumb\"},\"inLanguage\":\"it-IT\",\"potentialAction\":[{\"@type\":\"ReadAction\",\"target\":[\"https:\\\/\\\/rot.house\\\/it\\\/shop\\\/the-after-sex-pull-rot-red\\\/\"]}]},{\"@type\":\"ImageObject\",\"inLanguage\":\"it-IT\",\"@id\":\"https:\\\/\\\/rot.house\\\/it\\\/shop\\\/the-after-sex-pull-rot-red\\\/#primaryimage\",\"url\":\"https:\\\/\\\/rot.house\\\/wp-content\\\/uploads\\\/2025\\\/02\\\/Rot0082-scaled.jpg\",\"contentUrl\":\"https:\\\/\\\/rot.house\\\/wp-content\\\/uploads\\\/2025\\\/02\\\/Rot0082-scaled.jpg\",\"width\":1828,\"height\":2560},{\"@type\":\"BreadcrumbList\",\"@id\":\"https:\\\/\\\/rot.house\\\/it\\\/shop\\\/the-after-sex-pull-rot-red\\\/#breadcrumb\",\"itemListElement\":[{\"@type\":\"ListItem\",\"position\":1,\"name\":\"Home\",\"item\":\"https:\\\/\\\/rot.house\\\/it\\\/\"},{\"@type\":\"ListItem\",\"position\":2,\"name\":\"SHOP\",\"item\":\"https:\\\/\\\/rot.house\\\/it\\\/shop\\\/\"},{\"@type\":\"ListItem\",\"position\":3,\"name\":\"The After-Sex Pull ROT Red\"}]},{\"@type\":\"WebSite\",\"@id\":\"https:\\\/\\\/rot.house\\\/it\\\/#website\",\"url\":\"https:\\\/\\\/rot.house\\\/it\\\/\",\"name\":\"ROT\",\"description\":\"\",\"potentialAction\":[{\"@type\":\"SearchAction\",\"target\":{\"@type\":\"EntryPoint\",\"urlTemplate\":\"https:\\\/\\\/rot.house\\\/it\\\/?s={search_term_string}\"},\"query-input\":{\"@type\":\"PropertyValueSpecification\",\"valueRequired\":true,\"valueName\":\"search_term_string\"}}],\"inLanguage\":\"it-IT\"}]}<\/script>\n<!-- \/ Yoast SEO plugin. -->","yoast_head_json":{"title":"The After-Sex Pull ROT Red - ROT","description":"The After-Sex Pull ROT Red. Girocollo dal volume extra over. \u00c8 l'unica cosa che vorresti indossare al mattino dopo una serata interessante.","robots":{"index":"index","follow":"follow","max-snippet":"max-snippet:-1","max-image-preview":"max-image-preview:large","max-video-preview":"max-video-preview:-1"},"canonical":"https:\/\/rot.house\/it\/shop\/the-after-sex-pull-rot-red\/","og_locale":"it_IT","og_type":"article","og_title":"The After-Sex Pull ROT Red - ROT","og_description":"The After-Sex Pull ROT Red. Girocollo dal volume extra over. \u00c8 l'unica cosa che vorresti indossare al mattino dopo una serata interessante.","og_url":"https:\/\/rot.house\/it\/shop\/the-after-sex-pull-rot-red\/","og_site_name":"ROT","article_modified_time":"2026-03-09T17:32:14+00:00","og_image":[{"width":1828,"height":2560,"url":"https:\/\/rot.house\/wp-content\/uploads\/2025\/02\/Rot0082-scaled.jpg","type":"image\/jpeg"}],"twitter_card":"summary_large_image","twitter_misc":{"Tempo di lettura stimato":"1 minuto"},"schema":{"@context":"https:\/\/schema.org","@graph":[{"@type":"WebPage","@id":"https:\/\/rot.house\/it\/shop\/the-after-sex-pull-rot-red\/","url":"https:\/\/rot.house\/it\/shop\/the-after-sex-pull-rot-red\/","name":"The After-Sex Pull ROT Red - ROT","isPartOf":{"@id":"https:\/\/rot.house\/it\/#website"},"primaryImageOfPage":{"@id":"https:\/\/rot.house\/it\/shop\/the-after-sex-pull-rot-red\/#primaryimage"},"image":{"@id":"https:\/\/rot.house\/it\/shop\/the-after-sex-pull-rot-red\/#primaryimage"},"thumbnailUrl":"https:\/\/rot.house\/wp-content\/uploads\/2025\/02\/Rot0082-scaled.jpg","datePublished":"2025-02-06T16:50:46+00:00","dateModified":"2026-03-09T17:32:14+00:00","description":"The After-Sex Pull ROT Red. Girocollo dal volume extra over. \u00c8 l'unica cosa che vorresti indossare al mattino dopo una serata interessante.","breadcrumb":{"@id":"https:\/\/rot.house\/it\/shop\/the-after-sex-pull-rot-red\/#breadcrumb"},"inLanguage":"it-IT","potentialAction":[{"@type":"ReadAction","target":["https:\/\/rot.house\/it\/shop\/the-after-sex-pull-rot-red\/"]}]},{"@type":"ImageObject","inLanguage":"it-IT","@id":"https:\/\/rot.house\/it\/shop\/the-after-sex-pull-rot-red\/#primaryimage","url":"https:\/\/rot.house\/wp-content\/uploads\/2025\/02\/Rot0082-scaled.jpg","contentUrl":"https:\/\/rot.house\/wp-content\/uploads\/2025\/02\/Rot0082-scaled.jpg","width":1828,"height":2560},{"@type":"BreadcrumbList","@id":"https:\/\/rot.house\/it\/shop\/the-after-sex-pull-rot-red\/#breadcrumb","itemListElement":[{"@type":"ListItem","position":1,"name":"Home","item":"https:\/\/rot.house\/it\/"},{"@type":"ListItem","position":2,"name":"SHOP","item":"https:\/\/rot.house\/it\/shop\/"},{"@type":"ListItem","position":3,"name":"The After-Sex Pull ROT Red"}]},{"@type":"WebSite","@id":"https:\/\/rot.house\/it\/#website","url":"https:\/\/rot.house\/it\/","name":"ROT","description":"","potentialAction":[{"@type":"SearchAction","target":{"@type":"EntryPoint","urlTemplate":"https:\/\/rot.house\/it\/?s={search_term_string}"},"query-input":{"@type":"PropertyValueSpecification","valueRequired":true,"valueName":"search_term_string"}}],"inLanguage":"it-IT"}]}},"_links":{"self":[{"href":"https:\/\/rot.house\/it\/wp-json\/wp\/v2\/product\/419","targetHints":{"allow":["GET"]}}],"collection":[{"href":"https:\/\/rot.house\/it\/wp-json\/wp\/v2\/product"}],"about":[{"href":"https:\/\/rot.house\/it\/wp-json\/wp\/v2\/types\/product"}],"wp:featuredmedia":[{"embeddable":true,"href":"https:\/\/rot.house\/it\/wp-json\/wp\/v2\/media\/676"}],"wp:attachment":[{"href":"https:\/\/rot.house\/it\/wp-json\/wp\/v2\/media?parent=419"}],"wp:term":[{"taxonomy":"product_brand","embeddable":true,"href":"https:\/\/rot.house\/it\/wp-json\/wp\/v2\/product_brand?post=419"},{"taxonomy":"product_cat","embeddable":true,"href":"https:\/\/rot.house\/it\/wp-json\/wp\/v2\/product_cat?post=419"},{"taxonomy":"product_tag","embeddable":true,"href":"https:\/\/rot.house\/it\/wp-json\/wp\/v2\/product_tag?post=419"}],"curies":[{"name":"wp","href":"https:\/\/api.w.org\/{rel}","templated":true}]}}