{"id":1814,"date":"2025-08-01T16:49:49","date_gmt":"2025-08-01T16:49:49","guid":{"rendered":"https:\/\/rot.house\/?post_type=product&#038;p=1814"},"modified":"2026-03-09T17:32:09","modified_gmt":"2026-03-09T17:32:09","slug":"the-hot-techno-cycling-shorts-just-black-copy-2","status":"publish","type":"product","link":"https:\/\/rot.house\/it\/shop\/the-hot-techno-cycling-shorts-just-black-copy-2\/","title":{"rendered":"The Hot Techno Glove Just Black"},"content":{"rendered":"<p>Guanto extra stretch, realizzato senza cuciture per aderire alla mano come una seconda pelle. Il guanto, se ve lo state chiedendo, \u00e8 super ROT. Il modo pi\u00f9 sexy per indossarlo \u00e8 con un Halter Top.  <\/p>\n<p>Dettagli:<br \/>\nArt. &#8211; Abito stretch 83% Viscosa 17% Poliestere<br \/>\nFilato &#8220;Talco&#8221; &#8211; Filpucci &#8211; NM 34.000 &#8211; finezza 18 &#8211; tecnologia SWG (Shima whole garment) <\/p>\n<p>Made in Italy:<br \/>\nAnzi, Made in Campagnola (Reggio Emilia) da Effebi Maglierie, grazie a: Bechir (tessitura), Ginetta e Angela (campionariste, preparazione per confezione e finiture), Roberta, Mario, Khai, Francesco (confezione), Francesco e Chiara (rifiniture) Roberto (attaccatura bottoni esterni), Benny (stiro e modelling da paura), Francesco, Ivana, Dimitri, Roberto, Natascia (programmatore), Cri (spedizione e tutto il resto).<\/p>\n<p>Indossato da:<br \/>\nGabri, designer di ROT ma anche manista per l\u2019occasione, perch\u00e9 ha delle mani eleganti e sottili quanto temibili durante le sessioni di BDSM.<\/p>\n<p>Cura del capo:<br \/>\nLavaggio a secco.<\/p>\n","protected":false},"excerpt":{"rendered":"<p>Guanto extra stretch, realizzato senza cuciture per aderire alla mano come una seconda pelle. Il guanto, se ve lo state chiedendo, \u00e8 super ROT. Il modo pi\u00f9 sexy per indossarlo \u00e8 con un Halter Top. Dettagli: Art. &#8211; Abito stretch 83% Viscosa 17% Poliestere Filato &#8220;Talco&#8221; &#8211; Filpucci &#8211; NM 34.000 &#8211; finezza 18 &#8211; [&hellip;]<\/p>\n","protected":false},"featured_media":1873,"template":"","meta":{"_acf_changed":false},"product_brand":[],"product_cat":[30],"product_tag":[],"class_list":{"0":"post-1814","1":"product","2":"type-product","3":"status-publish","4":"has-post-thumbnail","6":"product_cat-prodotto","8":"first","9":"instock","10":"taxable","11":"shipping-taxable","12":"purchasable","13":"product-type-variable","14":"has-default-attributes"},"acf":[],"yoast_head":"<!-- This site is optimized with the Yoast SEO plugin v27.4 - https:\/\/yoast.com\/product\/yoast-seo-wordpress\/ -->\n<title>The Hot Techno Glove Just Black - ROT<\/title>\n<meta name=\"description\" content=\"Guanto extra stretch, realizzato senza cuciture per aderire alla mano come una seconda pelle. L\u2019Hot Techno Glove Just Black, se ve lo state chiedendo, \u00e8 super ROT.\" \/>\n<meta name=\"robots\" content=\"index, follow, max-snippet:-1, max-image-preview:large, max-video-preview:-1\" \/>\n<link rel=\"canonical\" href=\"https:\/\/rot.house\/it\/shop\/the-hot-techno-cycling-shorts-just-black-copy-2\/\" \/>\n<meta property=\"og:locale\" content=\"it_IT\" \/>\n<meta property=\"og:type\" content=\"article\" \/>\n<meta property=\"og:title\" content=\"The Hot Techno Glove Just Black - ROT\" \/>\n<meta property=\"og:description\" content=\"Guanto extra stretch, realizzato senza cuciture per aderire alla mano come una seconda pelle. L\u2019Hot Techno Glove Just Black, se ve lo state chiedendo, \u00e8 super ROT.\" \/>\n<meta property=\"og:url\" content=\"https:\/\/rot.house\/it\/shop\/the-hot-techno-cycling-shorts-just-black-copy-2\/\" \/>\n<meta property=\"og:site_name\" content=\"ROT\" \/>\n<meta property=\"article:modified_time\" content=\"2026-03-09T17:32:09+00:00\" \/>\n<meta property=\"og:image\" content=\"https:\/\/rot.house\/wp-content\/uploads\/2025\/08\/ArtSWG4_nero_1442.jpg\" \/>\n\t<meta property=\"og:image:width\" content=\"1828\" \/>\n\t<meta property=\"og:image:height\" content=\"2560\" \/>\n\t<meta property=\"og:image:type\" content=\"image\/jpeg\" \/>\n<meta name=\"twitter:card\" content=\"summary_large_image\" \/>\n<meta name=\"twitter:label1\" content=\"Tempo di lettura stimato\" \/>\n\t<meta name=\"twitter:data1\" content=\"1 minuto\" \/>\n<script type=\"application\/ld+json\" class=\"yoast-schema-graph\">{\"@context\":\"https:\\\/\\\/schema.org\",\"@graph\":[{\"@type\":\"WebPage\",\"@id\":\"https:\\\/\\\/rot.house\\\/it\\\/shop\\\/the-hot-techno-cycling-shorts-just-black-copy-2\\\/\",\"url\":\"https:\\\/\\\/rot.house\\\/it\\\/shop\\\/the-hot-techno-cycling-shorts-just-black-copy-2\\\/\",\"name\":\"The Hot Techno Glove Just Black - ROT\",\"isPartOf\":{\"@id\":\"https:\\\/\\\/rot.house\\\/it\\\/#website\"},\"primaryImageOfPage\":{\"@id\":\"https:\\\/\\\/rot.house\\\/it\\\/shop\\\/the-hot-techno-cycling-shorts-just-black-copy-2\\\/#primaryimage\"},\"image\":{\"@id\":\"https:\\\/\\\/rot.house\\\/it\\\/shop\\\/the-hot-techno-cycling-shorts-just-black-copy-2\\\/#primaryimage\"},\"thumbnailUrl\":\"https:\\\/\\\/rot.house\\\/wp-content\\\/uploads\\\/2025\\\/08\\\/ArtSWG4_nero_1442.jpg\",\"datePublished\":\"2025-08-01T16:49:49+00:00\",\"dateModified\":\"2026-03-09T17:32:09+00:00\",\"description\":\"Guanto extra stretch, realizzato senza cuciture per aderire alla mano come una seconda pelle. L\u2019Hot Techno Glove Just Black, se ve lo state chiedendo, \u00e8 super ROT.\",\"breadcrumb\":{\"@id\":\"https:\\\/\\\/rot.house\\\/it\\\/shop\\\/the-hot-techno-cycling-shorts-just-black-copy-2\\\/#breadcrumb\"},\"inLanguage\":\"it-IT\",\"potentialAction\":[{\"@type\":\"ReadAction\",\"target\":[\"https:\\\/\\\/rot.house\\\/it\\\/shop\\\/the-hot-techno-cycling-shorts-just-black-copy-2\\\/\"]}]},{\"@type\":\"ImageObject\",\"inLanguage\":\"it-IT\",\"@id\":\"https:\\\/\\\/rot.house\\\/it\\\/shop\\\/the-hot-techno-cycling-shorts-just-black-copy-2\\\/#primaryimage\",\"url\":\"https:\\\/\\\/rot.house\\\/wp-content\\\/uploads\\\/2025\\\/08\\\/ArtSWG4_nero_1442.jpg\",\"contentUrl\":\"https:\\\/\\\/rot.house\\\/wp-content\\\/uploads\\\/2025\\\/08\\\/ArtSWG4_nero_1442.jpg\",\"width\":1828,\"height\":2560,\"caption\":\"The Hot Techno Glove Just Black\"},{\"@type\":\"BreadcrumbList\",\"@id\":\"https:\\\/\\\/rot.house\\\/it\\\/shop\\\/the-hot-techno-cycling-shorts-just-black-copy-2\\\/#breadcrumb\",\"itemListElement\":[{\"@type\":\"ListItem\",\"position\":1,\"name\":\"Home\",\"item\":\"https:\\\/\\\/rot.house\\\/it\\\/\"},{\"@type\":\"ListItem\",\"position\":2,\"name\":\"SHOP\",\"item\":\"https:\\\/\\\/rot.house\\\/it\\\/shop\\\/\"},{\"@type\":\"ListItem\",\"position\":3,\"name\":\"The Hot Techno Glove Just Black\"}]},{\"@type\":\"WebSite\",\"@id\":\"https:\\\/\\\/rot.house\\\/it\\\/#website\",\"url\":\"https:\\\/\\\/rot.house\\\/it\\\/\",\"name\":\"ROT\",\"description\":\"\",\"potentialAction\":[{\"@type\":\"SearchAction\",\"target\":{\"@type\":\"EntryPoint\",\"urlTemplate\":\"https:\\\/\\\/rot.house\\\/it\\\/?s={search_term_string}\"},\"query-input\":{\"@type\":\"PropertyValueSpecification\",\"valueRequired\":true,\"valueName\":\"search_term_string\"}}],\"inLanguage\":\"it-IT\"}]}<\/script>\n<!-- \/ Yoast SEO plugin. -->","yoast_head_json":{"title":"The Hot Techno Glove Just Black - ROT","description":"Guanto extra stretch, realizzato senza cuciture per aderire alla mano come una seconda pelle. L\u2019Hot Techno Glove Just Black, se ve lo state chiedendo, \u00e8 super ROT.","robots":{"index":"index","follow":"follow","max-snippet":"max-snippet:-1","max-image-preview":"max-image-preview:large","max-video-preview":"max-video-preview:-1"},"canonical":"https:\/\/rot.house\/it\/shop\/the-hot-techno-cycling-shorts-just-black-copy-2\/","og_locale":"it_IT","og_type":"article","og_title":"The Hot Techno Glove Just Black - ROT","og_description":"Guanto extra stretch, realizzato senza cuciture per aderire alla mano come una seconda pelle. L\u2019Hot Techno Glove Just Black, se ve lo state chiedendo, \u00e8 super ROT.","og_url":"https:\/\/rot.house\/it\/shop\/the-hot-techno-cycling-shorts-just-black-copy-2\/","og_site_name":"ROT","article_modified_time":"2026-03-09T17:32:09+00:00","og_image":[{"width":1828,"height":2560,"url":"https:\/\/rot.house\/wp-content\/uploads\/2025\/08\/ArtSWG4_nero_1442.jpg","type":"image\/jpeg"}],"twitter_card":"summary_large_image","twitter_misc":{"Tempo di lettura stimato":"1 minuto"},"schema":{"@context":"https:\/\/schema.org","@graph":[{"@type":"WebPage","@id":"https:\/\/rot.house\/it\/shop\/the-hot-techno-cycling-shorts-just-black-copy-2\/","url":"https:\/\/rot.house\/it\/shop\/the-hot-techno-cycling-shorts-just-black-copy-2\/","name":"The Hot Techno Glove Just Black - ROT","isPartOf":{"@id":"https:\/\/rot.house\/it\/#website"},"primaryImageOfPage":{"@id":"https:\/\/rot.house\/it\/shop\/the-hot-techno-cycling-shorts-just-black-copy-2\/#primaryimage"},"image":{"@id":"https:\/\/rot.house\/it\/shop\/the-hot-techno-cycling-shorts-just-black-copy-2\/#primaryimage"},"thumbnailUrl":"https:\/\/rot.house\/wp-content\/uploads\/2025\/08\/ArtSWG4_nero_1442.jpg","datePublished":"2025-08-01T16:49:49+00:00","dateModified":"2026-03-09T17:32:09+00:00","description":"Guanto extra stretch, realizzato senza cuciture per aderire alla mano come una seconda pelle. L\u2019Hot Techno Glove Just Black, se ve lo state chiedendo, \u00e8 super ROT.","breadcrumb":{"@id":"https:\/\/rot.house\/it\/shop\/the-hot-techno-cycling-shorts-just-black-copy-2\/#breadcrumb"},"inLanguage":"it-IT","potentialAction":[{"@type":"ReadAction","target":["https:\/\/rot.house\/it\/shop\/the-hot-techno-cycling-shorts-just-black-copy-2\/"]}]},{"@type":"ImageObject","inLanguage":"it-IT","@id":"https:\/\/rot.house\/it\/shop\/the-hot-techno-cycling-shorts-just-black-copy-2\/#primaryimage","url":"https:\/\/rot.house\/wp-content\/uploads\/2025\/08\/ArtSWG4_nero_1442.jpg","contentUrl":"https:\/\/rot.house\/wp-content\/uploads\/2025\/08\/ArtSWG4_nero_1442.jpg","width":1828,"height":2560,"caption":"The Hot Techno Glove Just Black"},{"@type":"BreadcrumbList","@id":"https:\/\/rot.house\/it\/shop\/the-hot-techno-cycling-shorts-just-black-copy-2\/#breadcrumb","itemListElement":[{"@type":"ListItem","position":1,"name":"Home","item":"https:\/\/rot.house\/it\/"},{"@type":"ListItem","position":2,"name":"SHOP","item":"https:\/\/rot.house\/it\/shop\/"},{"@type":"ListItem","position":3,"name":"The Hot Techno Glove Just Black"}]},{"@type":"WebSite","@id":"https:\/\/rot.house\/it\/#website","url":"https:\/\/rot.house\/it\/","name":"ROT","description":"","potentialAction":[{"@type":"SearchAction","target":{"@type":"EntryPoint","urlTemplate":"https:\/\/rot.house\/it\/?s={search_term_string}"},"query-input":{"@type":"PropertyValueSpecification","valueRequired":true,"valueName":"search_term_string"}}],"inLanguage":"it-IT"}]}},"_links":{"self":[{"href":"https:\/\/rot.house\/it\/wp-json\/wp\/v2\/product\/1814","targetHints":{"allow":["GET"]}}],"collection":[{"href":"https:\/\/rot.house\/it\/wp-json\/wp\/v2\/product"}],"about":[{"href":"https:\/\/rot.house\/it\/wp-json\/wp\/v2\/types\/product"}],"wp:featuredmedia":[{"embeddable":true,"href":"https:\/\/rot.house\/it\/wp-json\/wp\/v2\/media\/1873"}],"wp:attachment":[{"href":"https:\/\/rot.house\/it\/wp-json\/wp\/v2\/media?parent=1814"}],"wp:term":[{"taxonomy":"product_brand","embeddable":true,"href":"https:\/\/rot.house\/it\/wp-json\/wp\/v2\/product_brand?post=1814"},{"taxonomy":"product_cat","embeddable":true,"href":"https:\/\/rot.house\/it\/wp-json\/wp\/v2\/product_cat?post=1814"},{"taxonomy":"product_tag","embeddable":true,"href":"https:\/\/rot.house\/it\/wp-json\/wp\/v2\/product_tag?post=1814"}],"curies":[{"name":"wp","href":"https:\/\/api.w.org\/{rel}","templated":true}]}}