{"id":1763,"date":"2025-08-01T15:39:15","date_gmt":"2025-08-01T15:39:15","guid":{"rendered":"https:\/\/rot.house\/?post_type=product&#038;p=1763"},"modified":"2026-03-09T17:32:10","modified_gmt":"2026-03-09T17:32:10","slug":"the-bipolar-bralette-plastic-pink-copy","status":"publish","type":"product","link":"https:\/\/rot.house\/it\/shop\/the-bipolar-bralette-plastic-pink-copy\/","title":{"rendered":"The Bipolar Bralette ROT Red"},"content":{"rendered":"<p>Bralette in punto Milano realizzata con filo di viscosa stretch. Ha tre grossi bottoni sul davanti ricoperti dello stesso filo. \u00c8 bipolare, perch\u00e9 pu\u00f2 e anzi deve essere indossata anche al contrario: ti d\u00e0 un aspetto meno sexy e pi\u00f9 sharp. La Benny per esempio lo metterebbe quasi solo al contrario. Sul retro c\u2019\u00e8 una tasca inutile ma che aggiunge geometria, mistero e comunque diciamocelo: uno spazio per l\u2019iPhone fa sempre bene. Abbinalo alla culotte a vita alta, i Demure Pin-Up Panties dello stesso filo, per avere un twinset molto anni \u201850.     <\/p>\n<p>Dettagli:<br \/>\nArt. &#8211; Abito stretch 83% Viscosa 17% Poliestere<br \/>\nFilato &#8220;Talco&#8221; &#8211; Filpucci &#8211; NM 34.000 &#8211; finezza 18 &#8211; tecnologia SWG (Shima whole garment) <\/p>\n<p>Made in Italy:<br \/>\nAnzi, Made in Campagnola (Reggio Emilia) da Effebi Maglierie, grazie a: Bechir (tessitura), Ginetta e Angela (campionariste, preparazione per confezione e finiture), Roberta, Mario, Khai, Francesco (confezione), Francesco e Chiara (rifiniture) Roberto (attaccatura bottoni esterni), Benny (stiro e modelling da paura), Francesco, Ivana, Dimitri, Roberto, Natascia (programmatore), Cri (spedizione e tutto il resto).<\/p>\n<p>Indossato da:<br \/>\nNicola, fashion designer e coinquilino della Monica, Don Giovanni della famiglia ROT: \u00e8 alto 1,78m e indossa una S\/M senza tacchi.<\/p>\n<p>Cura del capo:<br \/>\nLavaggio a secco.<\/p>\n","protected":false},"excerpt":{"rendered":"<p>Bralette in punto Milano realizzata con filo di viscosa stretch. Ha tre grossi bottoni sul davanti ricoperti dello stesso filo. \u00c8 bipolare, perch\u00e9 pu\u00f2 e anzi deve essere indossata anche al contrario: ti d\u00e0 un aspetto meno sexy e pi\u00f9 sharp. La Benny per esempio lo metterebbe quasi solo al contrario. Sul retro c\u2019\u00e8 una [&hellip;]<\/p>\n","protected":false},"featured_media":1947,"template":"","meta":{"_acf_changed":false},"product_brand":[],"product_cat":[30],"product_tag":[],"class_list":{"0":"post-1763","1":"product","2":"type-product","3":"status-publish","4":"has-post-thumbnail","6":"product_cat-prodotto","8":"first","9":"instock","10":"taxable","11":"shipping-taxable","12":"purchasable","13":"product-type-variable"},"acf":[],"yoast_head":"<!-- This site is optimized with the Yoast SEO plugin v27.4 - https:\/\/yoast.com\/product\/yoast-seo-wordpress\/ -->\n<title>The Bipolar Bralette ROT Red - ROT<\/title>\n<meta name=\"description\" content=\"Questa Bipolar Bralette ROT Red di ROT in punto Milano \u00e8 realizzata con filo di viscosa stretch. Ha tre grossi bottoni sul davanti ricoperti dello stesso filo.\" \/>\n<meta name=\"robots\" content=\"index, follow, max-snippet:-1, max-image-preview:large, max-video-preview:-1\" \/>\n<link rel=\"canonical\" href=\"https:\/\/rot.house\/it\/shop\/the-bipolar-bralette-plastic-pink-copy\/\" \/>\n<meta property=\"og:locale\" content=\"it_IT\" \/>\n<meta property=\"og:type\" content=\"article\" \/>\n<meta property=\"og:title\" content=\"The Bipolar Bralette ROT Red - ROT\" \/>\n<meta property=\"og:description\" content=\"Questa Bipolar Bralette ROT Red di ROT in punto Milano \u00e8 realizzata con filo di viscosa stretch. Ha tre grossi bottoni sul davanti ricoperti dello stesso filo.\" \/>\n<meta property=\"og:url\" content=\"https:\/\/rot.house\/it\/shop\/the-bipolar-bralette-plastic-pink-copy\/\" \/>\n<meta property=\"og:site_name\" content=\"ROT\" \/>\n<meta property=\"article:modified_time\" content=\"2026-03-09T17:32:10+00:00\" \/>\n<meta property=\"og:image\" content=\"https:\/\/rot.house\/wp-content\/uploads\/2025\/08\/ArtPM6_rosso_1152.jpg\" \/>\n\t<meta property=\"og:image:width\" content=\"1828\" \/>\n\t<meta property=\"og:image:height\" content=\"2560\" \/>\n\t<meta property=\"og:image:type\" content=\"image\/jpeg\" \/>\n<meta name=\"twitter:card\" content=\"summary_large_image\" \/>\n<meta name=\"twitter:label1\" content=\"Tempo di lettura stimato\" \/>\n\t<meta name=\"twitter:data1\" content=\"1 minuto\" \/>\n<script type=\"application\/ld+json\" class=\"yoast-schema-graph\">{\"@context\":\"https:\\\/\\\/schema.org\",\"@graph\":[{\"@type\":\"WebPage\",\"@id\":\"https:\\\/\\\/rot.house\\\/it\\\/shop\\\/the-bipolar-bralette-plastic-pink-copy\\\/\",\"url\":\"https:\\\/\\\/rot.house\\\/it\\\/shop\\\/the-bipolar-bralette-plastic-pink-copy\\\/\",\"name\":\"The Bipolar Bralette ROT Red - ROT\",\"isPartOf\":{\"@id\":\"https:\\\/\\\/rot.house\\\/it\\\/#website\"},\"primaryImageOfPage\":{\"@id\":\"https:\\\/\\\/rot.house\\\/it\\\/shop\\\/the-bipolar-bralette-plastic-pink-copy\\\/#primaryimage\"},\"image\":{\"@id\":\"https:\\\/\\\/rot.house\\\/it\\\/shop\\\/the-bipolar-bralette-plastic-pink-copy\\\/#primaryimage\"},\"thumbnailUrl\":\"https:\\\/\\\/rot.house\\\/wp-content\\\/uploads\\\/2025\\\/08\\\/ArtPM6_rosso_1152.jpg\",\"datePublished\":\"2025-08-01T15:39:15+00:00\",\"dateModified\":\"2026-03-09T17:32:10+00:00\",\"description\":\"Questa Bipolar Bralette ROT Red di ROT in punto Milano \u00e8 realizzata con filo di viscosa stretch. Ha tre grossi bottoni sul davanti ricoperti dello stesso filo.\",\"breadcrumb\":{\"@id\":\"https:\\\/\\\/rot.house\\\/it\\\/shop\\\/the-bipolar-bralette-plastic-pink-copy\\\/#breadcrumb\"},\"inLanguage\":\"it-IT\",\"potentialAction\":[{\"@type\":\"ReadAction\",\"target\":[\"https:\\\/\\\/rot.house\\\/it\\\/shop\\\/the-bipolar-bralette-plastic-pink-copy\\\/\"]}]},{\"@type\":\"ImageObject\",\"inLanguage\":\"it-IT\",\"@id\":\"https:\\\/\\\/rot.house\\\/it\\\/shop\\\/the-bipolar-bralette-plastic-pink-copy\\\/#primaryimage\",\"url\":\"https:\\\/\\\/rot.house\\\/wp-content\\\/uploads\\\/2025\\\/08\\\/ArtPM6_rosso_1152.jpg\",\"contentUrl\":\"https:\\\/\\\/rot.house\\\/wp-content\\\/uploads\\\/2025\\\/08\\\/ArtPM6_rosso_1152.jpg\",\"width\":1828,\"height\":2560,\"caption\":\"The Bipolar Bralette ROT Red\"},{\"@type\":\"BreadcrumbList\",\"@id\":\"https:\\\/\\\/rot.house\\\/it\\\/shop\\\/the-bipolar-bralette-plastic-pink-copy\\\/#breadcrumb\",\"itemListElement\":[{\"@type\":\"ListItem\",\"position\":1,\"name\":\"Home\",\"item\":\"https:\\\/\\\/rot.house\\\/it\\\/\"},{\"@type\":\"ListItem\",\"position\":2,\"name\":\"SHOP\",\"item\":\"https:\\\/\\\/rot.house\\\/it\\\/shop\\\/\"},{\"@type\":\"ListItem\",\"position\":3,\"name\":\"The Bipolar Bralette ROT Red\"}]},{\"@type\":\"WebSite\",\"@id\":\"https:\\\/\\\/rot.house\\\/it\\\/#website\",\"url\":\"https:\\\/\\\/rot.house\\\/it\\\/\",\"name\":\"ROT\",\"description\":\"\",\"potentialAction\":[{\"@type\":\"SearchAction\",\"target\":{\"@type\":\"EntryPoint\",\"urlTemplate\":\"https:\\\/\\\/rot.house\\\/it\\\/?s={search_term_string}\"},\"query-input\":{\"@type\":\"PropertyValueSpecification\",\"valueRequired\":true,\"valueName\":\"search_term_string\"}}],\"inLanguage\":\"it-IT\"}]}<\/script>\n<!-- \/ Yoast SEO plugin. -->","yoast_head_json":{"title":"The Bipolar Bralette ROT Red - ROT","description":"Questa Bipolar Bralette ROT Red di ROT in punto Milano \u00e8 realizzata con filo di viscosa stretch. Ha tre grossi bottoni sul davanti ricoperti dello stesso filo.","robots":{"index":"index","follow":"follow","max-snippet":"max-snippet:-1","max-image-preview":"max-image-preview:large","max-video-preview":"max-video-preview:-1"},"canonical":"https:\/\/rot.house\/it\/shop\/the-bipolar-bralette-plastic-pink-copy\/","og_locale":"it_IT","og_type":"article","og_title":"The Bipolar Bralette ROT Red - ROT","og_description":"Questa Bipolar Bralette ROT Red di ROT in punto Milano \u00e8 realizzata con filo di viscosa stretch. Ha tre grossi bottoni sul davanti ricoperti dello stesso filo.","og_url":"https:\/\/rot.house\/it\/shop\/the-bipolar-bralette-plastic-pink-copy\/","og_site_name":"ROT","article_modified_time":"2026-03-09T17:32:10+00:00","og_image":[{"width":1828,"height":2560,"url":"https:\/\/rot.house\/wp-content\/uploads\/2025\/08\/ArtPM6_rosso_1152.jpg","type":"image\/jpeg"}],"twitter_card":"summary_large_image","twitter_misc":{"Tempo di lettura stimato":"1 minuto"},"schema":{"@context":"https:\/\/schema.org","@graph":[{"@type":"WebPage","@id":"https:\/\/rot.house\/it\/shop\/the-bipolar-bralette-plastic-pink-copy\/","url":"https:\/\/rot.house\/it\/shop\/the-bipolar-bralette-plastic-pink-copy\/","name":"The Bipolar Bralette ROT Red - ROT","isPartOf":{"@id":"https:\/\/rot.house\/it\/#website"},"primaryImageOfPage":{"@id":"https:\/\/rot.house\/it\/shop\/the-bipolar-bralette-plastic-pink-copy\/#primaryimage"},"image":{"@id":"https:\/\/rot.house\/it\/shop\/the-bipolar-bralette-plastic-pink-copy\/#primaryimage"},"thumbnailUrl":"https:\/\/rot.house\/wp-content\/uploads\/2025\/08\/ArtPM6_rosso_1152.jpg","datePublished":"2025-08-01T15:39:15+00:00","dateModified":"2026-03-09T17:32:10+00:00","description":"Questa Bipolar Bralette ROT Red di ROT in punto Milano \u00e8 realizzata con filo di viscosa stretch. Ha tre grossi bottoni sul davanti ricoperti dello stesso filo.","breadcrumb":{"@id":"https:\/\/rot.house\/it\/shop\/the-bipolar-bralette-plastic-pink-copy\/#breadcrumb"},"inLanguage":"it-IT","potentialAction":[{"@type":"ReadAction","target":["https:\/\/rot.house\/it\/shop\/the-bipolar-bralette-plastic-pink-copy\/"]}]},{"@type":"ImageObject","inLanguage":"it-IT","@id":"https:\/\/rot.house\/it\/shop\/the-bipolar-bralette-plastic-pink-copy\/#primaryimage","url":"https:\/\/rot.house\/wp-content\/uploads\/2025\/08\/ArtPM6_rosso_1152.jpg","contentUrl":"https:\/\/rot.house\/wp-content\/uploads\/2025\/08\/ArtPM6_rosso_1152.jpg","width":1828,"height":2560,"caption":"The Bipolar Bralette ROT Red"},{"@type":"BreadcrumbList","@id":"https:\/\/rot.house\/it\/shop\/the-bipolar-bralette-plastic-pink-copy\/#breadcrumb","itemListElement":[{"@type":"ListItem","position":1,"name":"Home","item":"https:\/\/rot.house\/it\/"},{"@type":"ListItem","position":2,"name":"SHOP","item":"https:\/\/rot.house\/it\/shop\/"},{"@type":"ListItem","position":3,"name":"The Bipolar Bralette ROT Red"}]},{"@type":"WebSite","@id":"https:\/\/rot.house\/it\/#website","url":"https:\/\/rot.house\/it\/","name":"ROT","description":"","potentialAction":[{"@type":"SearchAction","target":{"@type":"EntryPoint","urlTemplate":"https:\/\/rot.house\/it\/?s={search_term_string}"},"query-input":{"@type":"PropertyValueSpecification","valueRequired":true,"valueName":"search_term_string"}}],"inLanguage":"it-IT"}]}},"_links":{"self":[{"href":"https:\/\/rot.house\/it\/wp-json\/wp\/v2\/product\/1763","targetHints":{"allow":["GET"]}}],"collection":[{"href":"https:\/\/rot.house\/it\/wp-json\/wp\/v2\/product"}],"about":[{"href":"https:\/\/rot.house\/it\/wp-json\/wp\/v2\/types\/product"}],"wp:featuredmedia":[{"embeddable":true,"href":"https:\/\/rot.house\/it\/wp-json\/wp\/v2\/media\/1947"}],"wp:attachment":[{"href":"https:\/\/rot.house\/it\/wp-json\/wp\/v2\/media?parent=1763"}],"wp:term":[{"taxonomy":"product_brand","embeddable":true,"href":"https:\/\/rot.house\/it\/wp-json\/wp\/v2\/product_brand?post=1763"},{"taxonomy":"product_cat","embeddable":true,"href":"https:\/\/rot.house\/it\/wp-json\/wp\/v2\/product_cat?post=1763"},{"taxonomy":"product_tag","embeddable":true,"href":"https:\/\/rot.house\/it\/wp-json\/wp\/v2\/product_tag?post=1763"}],"curies":[{"name":"wp","href":"https:\/\/api.w.org\/{rel}","templated":true}]}}