{"id":1683,"date":"2025-08-01T14:35:32","date_gmt":"2025-08-01T14:35:32","guid":{"rendered":"https:\/\/rot.house\/?post_type=product&#038;p=1683"},"modified":"2026-03-09T17:32:11","modified_gmt":"2026-03-09T17:32:11","slug":"the-queen-shirt-rot-red-copy","status":"publish","type":"product","link":"https:\/\/rot.house\/it\/shop\/the-queen-shirt-rot-red-copy\/","title":{"rendered":"The Matin\u00e9e Dress Just Black"},"content":{"rendered":"<p>Questo abito, senza cuciture e realizzato in un filo di viscosa stretch, \u00e8 un po\u2019 la versione techno del Priest Dress. Ha un\u2019apertura profondissima sul retro che arriva quasi a scoprire il culo, e resta altrettanto sexy se la indossi davanti. Il meglio di s\u00e9, come al solito, lo d\u00e0 chiudendo i bottoni totalmente a caso. I bottoni sono ricoperti dello stesso filo, ormai lo sapete. Aten\u00e7\u00e3o: ha il fit di un dress mega chic, ma ci puoi ballare la techno per 12 ore con la sensazione di non avere niente addosso. Quindi \u00e8 perfetto per serate che cominciano in un ristorante stellato e finiscono la mattina nei peggiori after.     <\/p>\n<p>Dettagli:<br \/>\nArt. &#8211; Abito elasticizzato 83% Viscosa 17% Poliestere<br \/>\nFilato &#8220;Talco&#8221; &#8211; Filpucci &#8211; NM 34.000 &#8211; 18 gauge &#8211; Tecnologia SWG (Shima whole garment) <\/p>\n<p>Made in Italy:<br \/>\nAnzi, Made in Campagnola (Reggio Emilia) da Effebi Maglierie, grazie a: Bechir (tessitura), Ginetta e Angela (campionariste, preparazione per confezione e finiture), Roberta, Mario, Khai, Francesco (confezione), Francesco e Chiara (rifiniture) Roberto (attaccatura bottoni esterni), Benny (stiro e modelling da paura), Francesco, Ivana, Dimitri, Roberto, Natascia (programmatore), Cri (spedizione e tutto il resto).<\/p>\n<p>Indossato da:<br \/>\nNicola, fashion designer e coinquilino della Monica, Don Giovanni della famiglia ROT: \u00e8 alto 1,78m e indossa una S\/M senza tacchi.<\/p>\n<p>Cura del capo:<br \/>\nLavaggio a secco.<\/p>\n","protected":false},"excerpt":{"rendered":"<p>Questo abito, senza cuciture e realizzato in un filo di viscosa stretch, \u00e8 un po\u2019 la versione techno del Priest Dress. Ha un\u2019apertura profondissima sul retro che arriva quasi a scoprire il culo, e resta altrettanto sexy se la indossi davanti. Il meglio di s\u00e9, come al solito, lo d\u00e0 chiudendo i bottoni totalmente a [&hellip;]<\/p>\n","protected":false},"featured_media":2065,"template":"","meta":{"_acf_changed":false},"product_brand":[],"product_cat":[30],"product_tag":[],"class_list":{"0":"post-1683","1":"product","2":"type-product","3":"status-publish","4":"has-post-thumbnail","6":"product_cat-prodotto","8":"first","9":"instock","10":"taxable","11":"shipping-taxable","12":"purchasable","13":"product-type-variable"},"acf":[],"yoast_head":"<!-- This site is optimized with the Yoast SEO plugin v27.4 - https:\/\/yoast.com\/product\/yoast-seo-wordpress\/ -->\n<title>The Matin\u00e9e Dress Just Black - ROT<\/title>\n<meta name=\"description\" content=\"Questo abito Matin\u00e9e Dress Just Black di ROT, senza cuciture e realizzato in un filo di viscosa stretch, \u00e8 un po\u2019 la versione techno del Priest Dress.\" \/>\n<meta name=\"robots\" content=\"index, follow, max-snippet:-1, max-image-preview:large, max-video-preview:-1\" \/>\n<link rel=\"canonical\" href=\"https:\/\/rot.house\/it\/shop\/the-queen-shirt-rot-red-copy\/\" \/>\n<meta property=\"og:locale\" content=\"it_IT\" \/>\n<meta property=\"og:type\" content=\"article\" \/>\n<meta property=\"og:title\" content=\"The Matin\u00e9e Dress Just Black - ROT\" \/>\n<meta property=\"og:description\" content=\"Questo abito Matin\u00e9e Dress Just Black di ROT, senza cuciture e realizzato in un filo di viscosa stretch, \u00e8 un po\u2019 la versione techno del Priest Dress.\" \/>\n<meta property=\"og:url\" content=\"https:\/\/rot.house\/it\/shop\/the-queen-shirt-rot-red-copy\/\" \/>\n<meta property=\"og:site_name\" content=\"ROT\" \/>\n<meta property=\"article:modified_time\" content=\"2026-03-09T17:32:11+00:00\" \/>\n<meta property=\"og:image\" content=\"https:\/\/rot.house\/wp-content\/uploads\/2025\/08\/ArtSWG2_nero_1089.jpg\" \/>\n\t<meta property=\"og:image:width\" content=\"1828\" \/>\n\t<meta property=\"og:image:height\" content=\"2560\" \/>\n\t<meta property=\"og:image:type\" content=\"image\/jpeg\" \/>\n<meta name=\"twitter:card\" content=\"summary_large_image\" \/>\n<meta name=\"twitter:label1\" content=\"Tempo di lettura stimato\" \/>\n\t<meta name=\"twitter:data1\" content=\"1 minuto\" \/>\n<script type=\"application\/ld+json\" class=\"yoast-schema-graph\">{\"@context\":\"https:\\\/\\\/schema.org\",\"@graph\":[{\"@type\":\"WebPage\",\"@id\":\"https:\\\/\\\/rot.house\\\/it\\\/shop\\\/the-queen-shirt-rot-red-copy\\\/\",\"url\":\"https:\\\/\\\/rot.house\\\/it\\\/shop\\\/the-queen-shirt-rot-red-copy\\\/\",\"name\":\"The Matin\u00e9e Dress Just Black - ROT\",\"isPartOf\":{\"@id\":\"https:\\\/\\\/rot.house\\\/it\\\/#website\"},\"primaryImageOfPage\":{\"@id\":\"https:\\\/\\\/rot.house\\\/it\\\/shop\\\/the-queen-shirt-rot-red-copy\\\/#primaryimage\"},\"image\":{\"@id\":\"https:\\\/\\\/rot.house\\\/it\\\/shop\\\/the-queen-shirt-rot-red-copy\\\/#primaryimage\"},\"thumbnailUrl\":\"https:\\\/\\\/rot.house\\\/wp-content\\\/uploads\\\/2025\\\/08\\\/ArtSWG2_nero_1089.jpg\",\"datePublished\":\"2025-08-01T14:35:32+00:00\",\"dateModified\":\"2026-03-09T17:32:11+00:00\",\"description\":\"Questo abito Matin\u00e9e Dress Just Black di ROT, senza cuciture e realizzato in un filo di viscosa stretch, \u00e8 un po\u2019 la versione techno del Priest Dress.\",\"breadcrumb\":{\"@id\":\"https:\\\/\\\/rot.house\\\/it\\\/shop\\\/the-queen-shirt-rot-red-copy\\\/#breadcrumb\"},\"inLanguage\":\"it-IT\",\"potentialAction\":[{\"@type\":\"ReadAction\",\"target\":[\"https:\\\/\\\/rot.house\\\/it\\\/shop\\\/the-queen-shirt-rot-red-copy\\\/\"]}]},{\"@type\":\"ImageObject\",\"inLanguage\":\"it-IT\",\"@id\":\"https:\\\/\\\/rot.house\\\/it\\\/shop\\\/the-queen-shirt-rot-red-copy\\\/#primaryimage\",\"url\":\"https:\\\/\\\/rot.house\\\/wp-content\\\/uploads\\\/2025\\\/08\\\/ArtSWG2_nero_1089.jpg\",\"contentUrl\":\"https:\\\/\\\/rot.house\\\/wp-content\\\/uploads\\\/2025\\\/08\\\/ArtSWG2_nero_1089.jpg\",\"width\":1828,\"height\":2560,\"caption\":\"The Matin\u00e9e Dress Just Black\"},{\"@type\":\"BreadcrumbList\",\"@id\":\"https:\\\/\\\/rot.house\\\/it\\\/shop\\\/the-queen-shirt-rot-red-copy\\\/#breadcrumb\",\"itemListElement\":[{\"@type\":\"ListItem\",\"position\":1,\"name\":\"Home\",\"item\":\"https:\\\/\\\/rot.house\\\/it\\\/\"},{\"@type\":\"ListItem\",\"position\":2,\"name\":\"SHOP\",\"item\":\"https:\\\/\\\/rot.house\\\/it\\\/shop\\\/\"},{\"@type\":\"ListItem\",\"position\":3,\"name\":\"The Matin\u00e9e Dress Just Black\"}]},{\"@type\":\"WebSite\",\"@id\":\"https:\\\/\\\/rot.house\\\/it\\\/#website\",\"url\":\"https:\\\/\\\/rot.house\\\/it\\\/\",\"name\":\"ROT\",\"description\":\"\",\"potentialAction\":[{\"@type\":\"SearchAction\",\"target\":{\"@type\":\"EntryPoint\",\"urlTemplate\":\"https:\\\/\\\/rot.house\\\/it\\\/?s={search_term_string}\"},\"query-input\":{\"@type\":\"PropertyValueSpecification\",\"valueRequired\":true,\"valueName\":\"search_term_string\"}}],\"inLanguage\":\"it-IT\"}]}<\/script>\n<!-- \/ Yoast SEO plugin. -->","yoast_head_json":{"title":"The Matin\u00e9e Dress Just Black - ROT","description":"Questo abito Matin\u00e9e Dress Just Black di ROT, senza cuciture e realizzato in un filo di viscosa stretch, \u00e8 un po\u2019 la versione techno del Priest Dress.","robots":{"index":"index","follow":"follow","max-snippet":"max-snippet:-1","max-image-preview":"max-image-preview:large","max-video-preview":"max-video-preview:-1"},"canonical":"https:\/\/rot.house\/it\/shop\/the-queen-shirt-rot-red-copy\/","og_locale":"it_IT","og_type":"article","og_title":"The Matin\u00e9e Dress Just Black - ROT","og_description":"Questo abito Matin\u00e9e Dress Just Black di ROT, senza cuciture e realizzato in un filo di viscosa stretch, \u00e8 un po\u2019 la versione techno del Priest Dress.","og_url":"https:\/\/rot.house\/it\/shop\/the-queen-shirt-rot-red-copy\/","og_site_name":"ROT","article_modified_time":"2026-03-09T17:32:11+00:00","og_image":[{"width":1828,"height":2560,"url":"https:\/\/rot.house\/wp-content\/uploads\/2025\/08\/ArtSWG2_nero_1089.jpg","type":"image\/jpeg"}],"twitter_card":"summary_large_image","twitter_misc":{"Tempo di lettura stimato":"1 minuto"},"schema":{"@context":"https:\/\/schema.org","@graph":[{"@type":"WebPage","@id":"https:\/\/rot.house\/it\/shop\/the-queen-shirt-rot-red-copy\/","url":"https:\/\/rot.house\/it\/shop\/the-queen-shirt-rot-red-copy\/","name":"The Matin\u00e9e Dress Just Black - ROT","isPartOf":{"@id":"https:\/\/rot.house\/it\/#website"},"primaryImageOfPage":{"@id":"https:\/\/rot.house\/it\/shop\/the-queen-shirt-rot-red-copy\/#primaryimage"},"image":{"@id":"https:\/\/rot.house\/it\/shop\/the-queen-shirt-rot-red-copy\/#primaryimage"},"thumbnailUrl":"https:\/\/rot.house\/wp-content\/uploads\/2025\/08\/ArtSWG2_nero_1089.jpg","datePublished":"2025-08-01T14:35:32+00:00","dateModified":"2026-03-09T17:32:11+00:00","description":"Questo abito Matin\u00e9e Dress Just Black di ROT, senza cuciture e realizzato in un filo di viscosa stretch, \u00e8 un po\u2019 la versione techno del Priest Dress.","breadcrumb":{"@id":"https:\/\/rot.house\/it\/shop\/the-queen-shirt-rot-red-copy\/#breadcrumb"},"inLanguage":"it-IT","potentialAction":[{"@type":"ReadAction","target":["https:\/\/rot.house\/it\/shop\/the-queen-shirt-rot-red-copy\/"]}]},{"@type":"ImageObject","inLanguage":"it-IT","@id":"https:\/\/rot.house\/it\/shop\/the-queen-shirt-rot-red-copy\/#primaryimage","url":"https:\/\/rot.house\/wp-content\/uploads\/2025\/08\/ArtSWG2_nero_1089.jpg","contentUrl":"https:\/\/rot.house\/wp-content\/uploads\/2025\/08\/ArtSWG2_nero_1089.jpg","width":1828,"height":2560,"caption":"The Matin\u00e9e Dress Just Black"},{"@type":"BreadcrumbList","@id":"https:\/\/rot.house\/it\/shop\/the-queen-shirt-rot-red-copy\/#breadcrumb","itemListElement":[{"@type":"ListItem","position":1,"name":"Home","item":"https:\/\/rot.house\/it\/"},{"@type":"ListItem","position":2,"name":"SHOP","item":"https:\/\/rot.house\/it\/shop\/"},{"@type":"ListItem","position":3,"name":"The Matin\u00e9e Dress Just Black"}]},{"@type":"WebSite","@id":"https:\/\/rot.house\/it\/#website","url":"https:\/\/rot.house\/it\/","name":"ROT","description":"","potentialAction":[{"@type":"SearchAction","target":{"@type":"EntryPoint","urlTemplate":"https:\/\/rot.house\/it\/?s={search_term_string}"},"query-input":{"@type":"PropertyValueSpecification","valueRequired":true,"valueName":"search_term_string"}}],"inLanguage":"it-IT"}]}},"_links":{"self":[{"href":"https:\/\/rot.house\/it\/wp-json\/wp\/v2\/product\/1683","targetHints":{"allow":["GET"]}}],"collection":[{"href":"https:\/\/rot.house\/it\/wp-json\/wp\/v2\/product"}],"about":[{"href":"https:\/\/rot.house\/it\/wp-json\/wp\/v2\/types\/product"}],"wp:featuredmedia":[{"embeddable":true,"href":"https:\/\/rot.house\/it\/wp-json\/wp\/v2\/media\/2065"}],"wp:attachment":[{"href":"https:\/\/rot.house\/it\/wp-json\/wp\/v2\/media?parent=1683"}],"wp:term":[{"taxonomy":"product_brand","embeddable":true,"href":"https:\/\/rot.house\/it\/wp-json\/wp\/v2\/product_brand?post=1683"},{"taxonomy":"product_cat","embeddable":true,"href":"https:\/\/rot.house\/it\/wp-json\/wp\/v2\/product_cat?post=1683"},{"taxonomy":"product_tag","embeddable":true,"href":"https:\/\/rot.house\/it\/wp-json\/wp\/v2\/product_tag?post=1683"}],"curies":[{"name":"wp","href":"https:\/\/api.w.org\/{rel}","templated":true}]}}