{"id":1630,"date":"2025-08-01T13:50:24","date_gmt":"2025-08-01T13:50:24","guid":{"rendered":"https:\/\/rot.house\/?post_type=product&#038;p=1630"},"modified":"2026-03-09T17:32:12","modified_gmt":"2026-03-09T17:32:12","slug":"the-vestal-dress-mummy-white-copy","status":"publish","type":"product","link":"https:\/\/rot.house\/it\/shop\/the-vestal-dress-mummy-white-copy\/","title":{"rendered":"The Vestal Dress Just Black"},"content":{"rendered":"<p>Abito in filo di pura seta completamente aperto su entrambi i fianchi, e una cascata di bottoni ricoperti dello stesso filo da chiudere come vuoi. Abbottonali tutti per sembrare una vestale nel tempio. Lasciali tutti aperti per coprirti con un mantello da vampiro. Oppure chiudili del tutto a caso su un lato, e sull\u2019altro pure, per ottenere il nostro styling preferito: perch\u00e9 vestale s\u00ec, ma al Kitkat. Achtung: il collo \u00e8 leggermente alto e un po\u2019 scomodo da infilare (perch\u00e9 alla Gabri i colli piacciono cos\u00ec).    <\/p>\n<p>Dettagli:<br \/>\nArt. &#8211; Abito lungo in 100% pura seta Filato Mulberry Extra<br \/>\nFilato &#8220;Prestige&#8221; &#8211; Sesia &#8211; NM 45.000 &#8211; finezza 18 <\/p>\n<p>Made in Italy:<br \/>\nAnzi, Made in Campagnola (Reggio Emilia) da Effebi Maglierie, grazie a: Bechir (tessitura), Ginetta e Angela (campionariste, preparazione per confezione e finiture), Roberta, Mario, Khai, Francesco (confezione), Francesco e Chiara (rifiniture) Roberto (attaccatura bottoni esterni), Benny (stiro e modelling da paura), Francesco, Ivana, Dimitri, Roberto, Natascia (programmatore), Cri (spedizione e tutto il resto).<\/p>\n<p>Indossato da:<\/p>\n<p>Nicola, fashion designer e coinquilino della Monica, Don Giovanni della famiglia ROT: \u00e8 alto 1,78m e indossa una S\/M senza tacchi.<\/p>\n<p>Cura del capo:<br \/>\nLavaggio a secco.<\/p>\n","protected":false},"excerpt":{"rendered":"<p>Abito in filo di pura seta completamente aperto su entrambi i fianchi, e una cascata di bottoni ricoperti dello stesso filo da chiudere come vuoi. Abbottonali tutti per sembrare una vestale nel tempio. Lasciali tutti aperti per coprirti con un mantello da vampiro. Oppure chiudili del tutto a caso su un lato, e sull\u2019altro pure, [&hellip;]<\/p>\n","protected":false},"featured_media":2135,"template":"","meta":{"_acf_changed":false},"product_brand":[],"product_cat":[30],"product_tag":[],"class_list":{"0":"post-1630","1":"product","2":"type-product","3":"status-publish","4":"has-post-thumbnail","6":"product_cat-prodotto","8":"first","9":"instock","10":"taxable","11":"shipping-taxable","12":"purchasable","13":"product-type-variable","14":"has-default-attributes"},"acf":[],"yoast_head":"<!-- This site is optimized with the Yoast SEO plugin v27.4 - https:\/\/yoast.com\/product\/yoast-seo-wordpress\/ -->\n<title>The Vestal Dress Just Black - ROT<\/title>\n<meta name=\"description\" content=\"La Vestal Dress Just Black di ROT \u00e8 un abito in filo di pura seta completamente aperto su entrambi i fianchi, e una cascata di bottoni da chiudere come vuoi.\" \/>\n<meta name=\"robots\" content=\"index, follow, max-snippet:-1, max-image-preview:large, max-video-preview:-1\" \/>\n<link rel=\"canonical\" href=\"https:\/\/rot.house\/it\/shop\/the-vestal-dress-mummy-white-copy\/\" \/>\n<meta property=\"og:locale\" content=\"it_IT\" \/>\n<meta property=\"og:type\" content=\"article\" \/>\n<meta property=\"og:title\" content=\"The Vestal Dress Just Black - ROT\" \/>\n<meta property=\"og:description\" content=\"La Vestal Dress Just Black di ROT \u00e8 un abito in filo di pura seta completamente aperto su entrambi i fianchi, e una cascata di bottoni da chiudere come vuoi.\" \/>\n<meta property=\"og:url\" content=\"https:\/\/rot.house\/it\/shop\/the-vestal-dress-mummy-white-copy\/\" \/>\n<meta property=\"og:site_name\" content=\"ROT\" \/>\n<meta property=\"article:modified_time\" content=\"2026-03-09T17:32:12+00:00\" \/>\n<meta property=\"og:image\" content=\"https:\/\/rot.house\/wp-content\/uploads\/2025\/08\/ArtS3_nero_1222.jpg\" \/>\n\t<meta property=\"og:image:width\" content=\"1828\" \/>\n\t<meta property=\"og:image:height\" content=\"2560\" \/>\n\t<meta property=\"og:image:type\" content=\"image\/jpeg\" \/>\n<meta name=\"twitter:card\" content=\"summary_large_image\" \/>\n<meta name=\"twitter:label1\" content=\"Tempo di lettura stimato\" \/>\n\t<meta name=\"twitter:data1\" content=\"1 minuto\" \/>\n<script type=\"application\/ld+json\" class=\"yoast-schema-graph\">{\"@context\":\"https:\\\/\\\/schema.org\",\"@graph\":[{\"@type\":\"WebPage\",\"@id\":\"https:\\\/\\\/rot.house\\\/it\\\/shop\\\/the-vestal-dress-mummy-white-copy\\\/\",\"url\":\"https:\\\/\\\/rot.house\\\/it\\\/shop\\\/the-vestal-dress-mummy-white-copy\\\/\",\"name\":\"The Vestal Dress Just Black - ROT\",\"isPartOf\":{\"@id\":\"https:\\\/\\\/rot.house\\\/it\\\/#website\"},\"primaryImageOfPage\":{\"@id\":\"https:\\\/\\\/rot.house\\\/it\\\/shop\\\/the-vestal-dress-mummy-white-copy\\\/#primaryimage\"},\"image\":{\"@id\":\"https:\\\/\\\/rot.house\\\/it\\\/shop\\\/the-vestal-dress-mummy-white-copy\\\/#primaryimage\"},\"thumbnailUrl\":\"https:\\\/\\\/rot.house\\\/wp-content\\\/uploads\\\/2025\\\/08\\\/ArtS3_nero_1222.jpg\",\"datePublished\":\"2025-08-01T13:50:24+00:00\",\"dateModified\":\"2026-03-09T17:32:12+00:00\",\"description\":\"La Vestal Dress Just Black di ROT \u00e8 un abito in filo di pura seta completamente aperto su entrambi i fianchi, e una cascata di bottoni da chiudere come vuoi.\",\"breadcrumb\":{\"@id\":\"https:\\\/\\\/rot.house\\\/it\\\/shop\\\/the-vestal-dress-mummy-white-copy\\\/#breadcrumb\"},\"inLanguage\":\"it-IT\",\"potentialAction\":[{\"@type\":\"ReadAction\",\"target\":[\"https:\\\/\\\/rot.house\\\/it\\\/shop\\\/the-vestal-dress-mummy-white-copy\\\/\"]}]},{\"@type\":\"ImageObject\",\"inLanguage\":\"it-IT\",\"@id\":\"https:\\\/\\\/rot.house\\\/it\\\/shop\\\/the-vestal-dress-mummy-white-copy\\\/#primaryimage\",\"url\":\"https:\\\/\\\/rot.house\\\/wp-content\\\/uploads\\\/2025\\\/08\\\/ArtS3_nero_1222.jpg\",\"contentUrl\":\"https:\\\/\\\/rot.house\\\/wp-content\\\/uploads\\\/2025\\\/08\\\/ArtS3_nero_1222.jpg\",\"width\":1828,\"height\":2560,\"caption\":\"The Vestal Dress Just Black\"},{\"@type\":\"BreadcrumbList\",\"@id\":\"https:\\\/\\\/rot.house\\\/it\\\/shop\\\/the-vestal-dress-mummy-white-copy\\\/#breadcrumb\",\"itemListElement\":[{\"@type\":\"ListItem\",\"position\":1,\"name\":\"Home\",\"item\":\"https:\\\/\\\/rot.house\\\/it\\\/\"},{\"@type\":\"ListItem\",\"position\":2,\"name\":\"SHOP\",\"item\":\"https:\\\/\\\/rot.house\\\/it\\\/shop\\\/\"},{\"@type\":\"ListItem\",\"position\":3,\"name\":\"The Vestal Dress Just Black\"}]},{\"@type\":\"WebSite\",\"@id\":\"https:\\\/\\\/rot.house\\\/it\\\/#website\",\"url\":\"https:\\\/\\\/rot.house\\\/it\\\/\",\"name\":\"ROT\",\"description\":\"\",\"potentialAction\":[{\"@type\":\"SearchAction\",\"target\":{\"@type\":\"EntryPoint\",\"urlTemplate\":\"https:\\\/\\\/rot.house\\\/it\\\/?s={search_term_string}\"},\"query-input\":{\"@type\":\"PropertyValueSpecification\",\"valueRequired\":true,\"valueName\":\"search_term_string\"}}],\"inLanguage\":\"it-IT\"}]}<\/script>\n<!-- \/ Yoast SEO plugin. -->","yoast_head_json":{"title":"The Vestal Dress Just Black - ROT","description":"La Vestal Dress Just Black di ROT \u00e8 un abito in filo di pura seta completamente aperto su entrambi i fianchi, e una cascata di bottoni da chiudere come vuoi.","robots":{"index":"index","follow":"follow","max-snippet":"max-snippet:-1","max-image-preview":"max-image-preview:large","max-video-preview":"max-video-preview:-1"},"canonical":"https:\/\/rot.house\/it\/shop\/the-vestal-dress-mummy-white-copy\/","og_locale":"it_IT","og_type":"article","og_title":"The Vestal Dress Just Black - ROT","og_description":"La Vestal Dress Just Black di ROT \u00e8 un abito in filo di pura seta completamente aperto su entrambi i fianchi, e una cascata di bottoni da chiudere come vuoi.","og_url":"https:\/\/rot.house\/it\/shop\/the-vestal-dress-mummy-white-copy\/","og_site_name":"ROT","article_modified_time":"2026-03-09T17:32:12+00:00","og_image":[{"width":1828,"height":2560,"url":"https:\/\/rot.house\/wp-content\/uploads\/2025\/08\/ArtS3_nero_1222.jpg","type":"image\/jpeg"}],"twitter_card":"summary_large_image","twitter_misc":{"Tempo di lettura stimato":"1 minuto"},"schema":{"@context":"https:\/\/schema.org","@graph":[{"@type":"WebPage","@id":"https:\/\/rot.house\/it\/shop\/the-vestal-dress-mummy-white-copy\/","url":"https:\/\/rot.house\/it\/shop\/the-vestal-dress-mummy-white-copy\/","name":"The Vestal Dress Just Black - ROT","isPartOf":{"@id":"https:\/\/rot.house\/it\/#website"},"primaryImageOfPage":{"@id":"https:\/\/rot.house\/it\/shop\/the-vestal-dress-mummy-white-copy\/#primaryimage"},"image":{"@id":"https:\/\/rot.house\/it\/shop\/the-vestal-dress-mummy-white-copy\/#primaryimage"},"thumbnailUrl":"https:\/\/rot.house\/wp-content\/uploads\/2025\/08\/ArtS3_nero_1222.jpg","datePublished":"2025-08-01T13:50:24+00:00","dateModified":"2026-03-09T17:32:12+00:00","description":"La Vestal Dress Just Black di ROT \u00e8 un abito in filo di pura seta completamente aperto su entrambi i fianchi, e una cascata di bottoni da chiudere come vuoi.","breadcrumb":{"@id":"https:\/\/rot.house\/it\/shop\/the-vestal-dress-mummy-white-copy\/#breadcrumb"},"inLanguage":"it-IT","potentialAction":[{"@type":"ReadAction","target":["https:\/\/rot.house\/it\/shop\/the-vestal-dress-mummy-white-copy\/"]}]},{"@type":"ImageObject","inLanguage":"it-IT","@id":"https:\/\/rot.house\/it\/shop\/the-vestal-dress-mummy-white-copy\/#primaryimage","url":"https:\/\/rot.house\/wp-content\/uploads\/2025\/08\/ArtS3_nero_1222.jpg","contentUrl":"https:\/\/rot.house\/wp-content\/uploads\/2025\/08\/ArtS3_nero_1222.jpg","width":1828,"height":2560,"caption":"The Vestal Dress Just Black"},{"@type":"BreadcrumbList","@id":"https:\/\/rot.house\/it\/shop\/the-vestal-dress-mummy-white-copy\/#breadcrumb","itemListElement":[{"@type":"ListItem","position":1,"name":"Home","item":"https:\/\/rot.house\/it\/"},{"@type":"ListItem","position":2,"name":"SHOP","item":"https:\/\/rot.house\/it\/shop\/"},{"@type":"ListItem","position":3,"name":"The Vestal Dress Just Black"}]},{"@type":"WebSite","@id":"https:\/\/rot.house\/it\/#website","url":"https:\/\/rot.house\/it\/","name":"ROT","description":"","potentialAction":[{"@type":"SearchAction","target":{"@type":"EntryPoint","urlTemplate":"https:\/\/rot.house\/it\/?s={search_term_string}"},"query-input":{"@type":"PropertyValueSpecification","valueRequired":true,"valueName":"search_term_string"}}],"inLanguage":"it-IT"}]}},"_links":{"self":[{"href":"https:\/\/rot.house\/it\/wp-json\/wp\/v2\/product\/1630","targetHints":{"allow":["GET"]}}],"collection":[{"href":"https:\/\/rot.house\/it\/wp-json\/wp\/v2\/product"}],"about":[{"href":"https:\/\/rot.house\/it\/wp-json\/wp\/v2\/types\/product"}],"wp:featuredmedia":[{"embeddable":true,"href":"https:\/\/rot.house\/it\/wp-json\/wp\/v2\/media\/2135"}],"wp:attachment":[{"href":"https:\/\/rot.house\/it\/wp-json\/wp\/v2\/media?parent=1630"}],"wp:term":[{"taxonomy":"product_brand","embeddable":true,"href":"https:\/\/rot.house\/it\/wp-json\/wp\/v2\/product_brand?post=1630"},{"taxonomy":"product_cat","embeddable":true,"href":"https:\/\/rot.house\/it\/wp-json\/wp\/v2\/product_cat?post=1630"},{"taxonomy":"product_tag","embeddable":true,"href":"https:\/\/rot.house\/it\/wp-json\/wp\/v2\/product_tag?post=1630"}],"curies":[{"name":"wp","href":"https:\/\/api.w.org\/{rel}","templated":true}]}}